{"id":30,"date":"2015-04-15T13:18:34","date_gmt":"2015-04-15T10:18:34","guid":{"rendered":"http:\/\/gymparkcimnastik.com\/?page_id=30"},"modified":"2019-12-05T22:58:53","modified_gmt":"2019-12-05T20:58:53","slug":"yasam-kocu","status":"publish","type":"page","link":"http:\/\/gymparkcimnastik.com\/?page_id=30","title":{"rendered":"Ya\u015fam Ko\u00e7u"},"content":{"rendered":"<h4><strong>Bir \u00c7ocuk \u0130\u00e7in Ya\u015fam Ko\u00e7u Neleri Kapsar ve Neden Gerekli Olabilir?<\/strong><\/h4>\n<p>&nbsp;<\/p>\n<h5><em><strong>G\u00fcn\u00fcm\u00fczde \u00e7ocuklar\u0131m\u0131za bakt\u0131\u011f\u0131m\u0131zda tamamen hareketsiz bir ya\u015fam i\u00e7erisinde asosyal olarak yeti\u015fmektedirler.&nbsp;<\/strong><\/em><em><strong>Bu da \u00e7ocukta ileri ki ya\u015fam\u0131nda \u00f6z g\u00fcven eksikli\u011fi olu\u015fturmakta kendini ifade edemeyen bireylerin yeti\u015fmesine ve sa\u011fl\u0131k durumu iyi olmayan zaman\u0131n\u0131 hastanelerde ge\u00e7iren insan toplulu\u011funun olu\u015fmas\u0131na sebep olmaktad\u0131r. Tam tersi ise yeti\u015fkinler planlanmam\u0131\u015f programda \u00e7ocuklar\u0131n\u0131 zaman\u0131 gelmeden bulduklar\u0131 her spor dal\u0131na g\u00f6t\u00fcrmekte bu da \u00e7ocu\u011fun geli\u015fmesi yerine geri g\u00f6t\u00fcrmektedir.<\/strong><\/em><\/h5>\n<p>&nbsp;<\/p>\n<h5><em><strong> Coaching de ki hedefim \u00e7ocu\u011fun belirli program dahilinde spor yaparken ayn\u0131 zamanda \u00e7evresinin fark\u0131na varmas\u0131d\u0131r.Program i\u00e7erisinde \u00e7ocu\u011fun \u00e7ok y\u00f6nl\u00fc geli\u015febilece\u011fi spor faaliyetleri (cimnastik, tenis, y\u00fczme, basketbol, masa tenisi, voleybol vs.) bulunmakta bununla birlikte sosyal faaliyetler bulunmakta (sinema,tiyatro,k\u00fclt\u00fcr gezileri,satran\u00e7,oyun hamurlar\u0131 vs.) Bu \u00e7al\u0131\u015fmalarla \u00e7ocu\u011fun ya\u015fam kalitesini art\u0131rmaya ve hayatta hedefleri olan bireyler yeti\u015ftirmeye \u00e7al\u0131\u015f\u0131yorum.Bu program\u0131 yeti\u015fkinlere de sunuyorum \u00e7ocuklar kadar yeti\u015fkinlerin de bu programa ihtiyac\u0131 var.<\/strong><\/em><\/h5>\n","protected":false},"excerpt":{"rendered":"<p>Bir \u00c7ocuk \u0130\u00e7in Ya\u015fam Ko\u00e7u Neleri Kapsar ve Neden Gerekli Olabilir? &nbsp; G\u00fcn\u00fcm\u00fczde \u00e7ocuklar\u0131m\u0131za bakt\u0131\u011f\u0131m\u0131zda tamamen hareketsiz bir ya\u015fam i\u00e7erisinde asosyal olarak yeti\u015fmektedirler.&nbsp;Bu da \u00e7ocukta ileri ki ya\u015fam\u0131nda \u00f6z g\u00fcven eksikli\u011fi olu\u015fturmakta kendini ifade edemeyen bireylerin yeti\u015fmesine ve sa\u011fl\u0131k durumu iyi olmayan zaman\u0131n\u0131 hastanelerde ge\u00e7iren insan toplulu\u011funun olu\u015fmas\u0131na sebep olmaktad\u0131r. Tam tersi ise yeti\u015fkinler planlanmam\u0131\u015f [&hellip;]<\/p>\n","protected":false},"author":1,"featured_media":0,"parent":0,"menu_order":0,"comment_status":"closed","ping_status":"open","template":"page-full-width.php","meta":{"footnotes":""},"yoast_head":"<!-- This site is optimized with the Yoast SEO plugin v21.3 - https:\/\/yoast.com\/wordpress\/plugins\/seo\/ -->\n<title>Ya\u015fam Ko\u00e7u - Gympark<\/title>\n<meta name=\"robots\" content=\"index, follow, max-snippet:-1, max-image-preview:large, max-video-preview:-1\" \/>\n<link rel=\"canonical\" href=\"http:\/\/gymparkcimnastik.com\/?page_id=30\" \/>\n<meta property=\"og:locale\" content=\"tr_TR\" \/>\n<meta property=\"og:type\" content=\"article\" \/>\n<meta property=\"og:title\" content=\"Ya\u015fam Ko\u00e7u - Gympark\" \/>\n<meta property=\"og:description\" content=\"Bir \u00c7ocuk \u0130\u00e7in Ya\u015fam Ko\u00e7u Neleri Kapsar ve Neden Gerekli Olabilir? &nbsp; G\u00fcn\u00fcm\u00fczde \u00e7ocuklar\u0131m\u0131za bakt\u0131\u011f\u0131m\u0131zda tamamen hareketsiz bir ya\u015fam i\u00e7erisinde asosyal olarak yeti\u015fmektedirler.&nbsp;Bu da \u00e7ocukta ileri ki ya\u015fam\u0131nda \u00f6z g\u00fcven eksikli\u011fi olu\u015fturmakta kendini ifade edemeyen bireylerin yeti\u015fmesine ve sa\u011fl\u0131k durumu iyi olmayan zaman\u0131n\u0131 hastanelerde ge\u00e7iren insan toplulu\u011funun olu\u015fmas\u0131na sebep olmaktad\u0131r. Tam tersi ise yeti\u015fkinler planlanmam\u0131\u015f [&hellip;]\" \/>\n<meta property=\"og:url\" content=\"http:\/\/gymparkcimnastik.com\/?page_id=30\" \/>\n<meta property=\"og:site_name\" content=\"Gympark\" \/>\n<meta property=\"article:publisher\" content=\"https:\/\/tr-tr.facebook.com\/Gympark-325248094165913\/\" \/>\n<meta property=\"article:modified_time\" content=\"2019-12-05T20:58:53+00:00\" \/>\n<meta name=\"twitter:card\" content=\"summary_large_image\" \/>\n<meta name=\"twitter:label1\" content=\"Tahmini okuma s\u00fcresi\" \/>\n\t<meta name=\"twitter:data1\" content=\"1 dakika\" \/>\n<script type=\"application\/ld+json\" class=\"yoast-schema-graph\">{\"@context\":\"https:\/\/schema.org\",\"@graph\":[{\"@type\":\"WebPage\",\"@id\":\"http:\/\/gymparkcimnastik.com\/?page_id=30\",\"url\":\"http:\/\/gymparkcimnastik.com\/?page_id=30\",\"name\":\"Ya\u015fam Ko\u00e7u - Gympark\",\"isPartOf\":{\"@id\":\"http:\/\/gymparkcimnastik.com\/#website\"},\"datePublished\":\"2015-04-15T10:18:34+00:00\",\"dateModified\":\"2019-12-05T20:58:53+00:00\",\"breadcrumb\":{\"@id\":\"http:\/\/gymparkcimnastik.com\/?page_id=30#breadcrumb\"},\"inLanguage\":\"tr\",\"potentialAction\":[{\"@type\":\"ReadAction\",\"target\":[\"http:\/\/gymparkcimnastik.com\/?page_id=30\"]}]},{\"@type\":\"BreadcrumbList\",\"@id\":\"http:\/\/gymparkcimnastik.com\/?page_id=30#breadcrumb\",\"itemListElement\":[{\"@type\":\"ListItem\",\"position\":1,\"name\":\"Ana sayfa\",\"item\":\"http:\/\/gymparkcimnastik.com\/\"},{\"@type\":\"ListItem\",\"position\":2,\"name\":\"Ya\u015fam Ko\u00e7u\"}]},{\"@type\":\"WebSite\",\"@id\":\"http:\/\/gymparkcimnastik.com\/#website\",\"url\":\"http:\/\/gymparkcimnastik.com\/\",\"name\":\"Gympark\",\"description\":\"Gympark Cimnastik Okulu\",\"publisher\":{\"@id\":\"http:\/\/gymparkcimnastik.com\/#organization\"},\"potentialAction\":[{\"@type\":\"SearchAction\",\"target\":{\"@type\":\"EntryPoint\",\"urlTemplate\":\"http:\/\/gymparkcimnastik.com\/?s={search_term_string}\"},\"query-input\":\"required name=search_term_string\"}],\"inLanguage\":\"tr\"},{\"@type\":\"Organization\",\"@id\":\"http:\/\/gymparkcimnastik.com\/#organization\",\"name\":\"Gympark cimnastik\",\"url\":\"http:\/\/gymparkcimnastik.com\/\",\"logo\":{\"@type\":\"ImageObject\",\"inLanguage\":\"tr\",\"@id\":\"http:\/\/gymparkcimnastik.com\/#\/schema\/logo\/image\/\",\"url\":\"http:\/\/gymparkcimnastik.com\/wp-content\/uploads\/logoo-1.jpg\",\"contentUrl\":\"http:\/\/gymparkcimnastik.com\/wp-content\/uploads\/logoo-1.jpg\",\"width\":397,\"height\":390,\"caption\":\"Gympark cimnastik\"},\"image\":{\"@id\":\"http:\/\/gymparkcimnastik.com\/#\/schema\/logo\/image\/\"},\"sameAs\":[\"https:\/\/tr-tr.facebook.com\/Gympark-325248094165913\/\",\"https:\/\/www.instagram.com\/gymparkcimnastik\/?hl=tr\"]}]}<\/script>\n<!-- \/ Yoast SEO plugin. -->","yoast_head_json":{"title":"Ya\u015fam Ko\u00e7u - Gympark","robots":{"index":"index","follow":"follow","max-snippet":"max-snippet:-1","max-image-preview":"max-image-preview:large","max-video-preview":"max-video-preview:-1"},"canonical":"http:\/\/gymparkcimnastik.com\/?page_id=30","og_locale":"tr_TR","og_type":"article","og_title":"Ya\u015fam Ko\u00e7u - Gympark","og_description":"Bir \u00c7ocuk \u0130\u00e7in Ya\u015fam Ko\u00e7u Neleri Kapsar ve Neden Gerekli Olabilir? &nbsp; G\u00fcn\u00fcm\u00fczde \u00e7ocuklar\u0131m\u0131za bakt\u0131\u011f\u0131m\u0131zda tamamen hareketsiz bir ya\u015fam i\u00e7erisinde asosyal olarak yeti\u015fmektedirler.&nbsp;Bu da \u00e7ocukta ileri ki ya\u015fam\u0131nda \u00f6z g\u00fcven eksikli\u011fi olu\u015fturmakta kendini ifade edemeyen bireylerin yeti\u015fmesine ve sa\u011fl\u0131k durumu iyi olmayan zaman\u0131n\u0131 hastanelerde ge\u00e7iren insan toplulu\u011funun olu\u015fmas\u0131na sebep olmaktad\u0131r. Tam tersi ise yeti\u015fkinler planlanmam\u0131\u015f [&hellip;]","og_url":"http:\/\/gymparkcimnastik.com\/?page_id=30","og_site_name":"Gympark","article_publisher":"https:\/\/tr-tr.facebook.com\/Gympark-325248094165913\/","article_modified_time":"2019-12-05T20:58:53+00:00","twitter_card":"summary_large_image","twitter_misc":{"Tahmini okuma s\u00fcresi":"1 dakika"},"schema":{"@context":"https:\/\/schema.org","@graph":[{"@type":"WebPage","@id":"http:\/\/gymparkcimnastik.com\/?page_id=30","url":"http:\/\/gymparkcimnastik.com\/?page_id=30","name":"Ya\u015fam Ko\u00e7u - Gympark","isPartOf":{"@id":"http:\/\/gymparkcimnastik.com\/#website"},"datePublished":"2015-04-15T10:18:34+00:00","dateModified":"2019-12-05T20:58:53+00:00","breadcrumb":{"@id":"http:\/\/gymparkcimnastik.com\/?page_id=30#breadcrumb"},"inLanguage":"tr","potentialAction":[{"@type":"ReadAction","target":["http:\/\/gymparkcimnastik.com\/?page_id=30"]}]},{"@type":"BreadcrumbList","@id":"http:\/\/gymparkcimnastik.com\/?page_id=30#breadcrumb","itemListElement":[{"@type":"ListItem","position":1,"name":"Ana sayfa","item":"http:\/\/gymparkcimnastik.com\/"},{"@type":"ListItem","position":2,"name":"Ya\u015fam Ko\u00e7u"}]},{"@type":"WebSite","@id":"http:\/\/gymparkcimnastik.com\/#website","url":"http:\/\/gymparkcimnastik.com\/","name":"Gympark","description":"Gympark Cimnastik Okulu","publisher":{"@id":"http:\/\/gymparkcimnastik.com\/#organization"},"potentialAction":[{"@type":"SearchAction","target":{"@type":"EntryPoint","urlTemplate":"http:\/\/gymparkcimnastik.com\/?s={search_term_string}"},"query-input":"required name=search_term_string"}],"inLanguage":"tr"},{"@type":"Organization","@id":"http:\/\/gymparkcimnastik.com\/#organization","name":"Gympark cimnastik","url":"http:\/\/gymparkcimnastik.com\/","logo":{"@type":"ImageObject","inLanguage":"tr","@id":"http:\/\/gymparkcimnastik.com\/#\/schema\/logo\/image\/","url":"http:\/\/gymparkcimnastik.com\/wp-content\/uploads\/logoo-1.jpg","contentUrl":"http:\/\/gymparkcimnastik.com\/wp-content\/uploads\/logoo-1.jpg","width":397,"height":390,"caption":"Gympark cimnastik"},"image":{"@id":"http:\/\/gymparkcimnastik.com\/#\/schema\/logo\/image\/"},"sameAs":["https:\/\/tr-tr.facebook.com\/Gympark-325248094165913\/","https:\/\/www.instagram.com\/gymparkcimnastik\/?hl=tr"]}]}},"_links":{"self":[{"href":"http:\/\/gymparkcimnastik.com\/index.php?rest_route=\/wp\/v2\/pages\/30"}],"collection":[{"href":"http:\/\/gymparkcimnastik.com\/index.php?rest_route=\/wp\/v2\/pages"}],"about":[{"href":"http:\/\/gymparkcimnastik.com\/index.php?rest_route=\/wp\/v2\/types\/page"}],"author":[{"embeddable":true,"href":"http:\/\/gymparkcimnastik.com\/index.php?rest_route=\/wp\/v2\/users\/1"}],"replies":[{"embeddable":true,"href":"http:\/\/gymparkcimnastik.com\/index.php?rest_route=%2Fwp%2Fv2%2Fcomments&post=30"}],"version-history":[{"count":8,"href":"http:\/\/gymparkcimnastik.com\/index.php?rest_route=\/wp\/v2\/pages\/30\/revisions"}],"predecessor-version":[{"id":117,"href":"http:\/\/gymparkcimnastik.com\/index.php?rest_route=\/wp\/v2\/pages\/30\/revisions\/117"}],"wp:attachment":[{"href":"http:\/\/gymparkcimnastik.com\/index.php?rest_route=%2Fwp%2Fv2%2Fmedia&parent=30"}],"curies":[{"name":"wp","href":"https:\/\/api.w.org\/{rel}","templated":true}]}}