{"id":34,"date":"2015-04-15T13:19:28","date_gmt":"2015-04-15T10:19:28","guid":{"rendered":"http:\/\/gymparkcimnastik.com\/?page_id=34"},"modified":"2019-12-05T22:57:02","modified_gmt":"2019-12-05T20:57:02","slug":"hakkimizda","status":"publish","type":"page","link":"http:\/\/gymparkcimnastik.com\/?page_id=34","title":{"rendered":"Hakk\u0131m\u0131zda"},"content":{"rendered":"<h5 style=\"text-align: left;\"><\/h5>\n<div id=\"content\">\n<div id=\"contact_us_left_coloumn\">\n<h5 style=\"text-align: left;\"><em><strong>Sporun temeli cimnastik. Bu bilin\u00e7 ile hareket ederek \u00f6\u011frencilerimizin \u00e7ok y\u00f6nl\u00fc geli\u015fmesine katk\u0131 sa\u011flamak i\u00e7in \u00e7al\u0131\u015fmaktay\u0131z.<\/strong><\/em><\/h5>\n<p>&nbsp;<\/p>\n<h5 style=\"text-align: left;\"><em><strong>Antreman program\u0131m\u0131z\u0131n i\u00e7eri\u011finde Artistik Cimnastik temelli ; \u201cel-g\u00f6z, el ayak koordinasyon\u201d \u00e7al\u0131\u015fmalar\u0131, denge \u00e7al\u0131\u015fmalar\u0131, kol- bacak kuvvetlendirme \u00e7al\u0131\u015fmalar\u0131 ve omuz kuvvetini artt\u0131rmaya y\u00f6nelik \u00e7al\u0131\u015fmalar\u0131n yan\u0131 s\u0131ra ; v\u00fccut esnekli\u011fini ve \u00e7evikli\u011fi estetik unsurlar ile geli\u015ftirmeye y\u00f6nelik \u00e7al\u0131\u015fmalar yer almaktad\u0131r.<\/strong><\/em><\/h5>\n<p>&nbsp;<\/p>\n<h5 style=\"text-align: left;\"><em><strong>Ayr\u0131ca antremanlarda hedefledi\u011fimiz ama\u00e7lar\u0131m\u0131z\u0131 ger\u00e7ekle\u015ftirmemize yarayan, halka, paralel bar, barfiks, kulplu beygir, uygun yer zemini, t\u0131rmanma merdiveni, cimnastik parmakl\u0131\u011f\u0131 ve trampolin gibi materyallerimiz ile desteklemekteyiz.<\/strong><\/em><\/h5>\n<p>&nbsp;<\/p>\n<h5 style=\"text-align: left;\"><em><strong>\u00c7al\u0131\u015fmalar\u0131m\u0131z\u0131, \u201cGympark Cimnastik Okulu\u201d olarak 2-14 ya\u015f k\u0131z-erkek gruplar\u0131ndaki \u00f6\u011frencilerimiz ile s\u00fcrd\u00fcrmekteyiz. Farkl\u0131 ya\u015f gruplar\u0131n\u0131n ihtiya\u00e7lar\u0131na y\u00f6nelik antreman programlar\u0131m\u0131z\u0131 uzman antren\u00f6r kadromuz ile y\u00fcr\u00fctmekteyiz.<\/strong><\/em><\/h5>\n<\/div>\n<\/div>\n","protected":false},"excerpt":{"rendered":"<p>Sporun temeli cimnastik. Bu bilin\u00e7 ile hareket ederek \u00f6\u011frencilerimizin \u00e7ok y\u00f6nl\u00fc geli\u015fmesine katk\u0131 sa\u011flamak i\u00e7in \u00e7al\u0131\u015fmaktay\u0131z. &nbsp; Antreman program\u0131m\u0131z\u0131n i\u00e7eri\u011finde Artistik Cimnastik temelli ; \u201cel-g\u00f6z, el ayak koordinasyon\u201d \u00e7al\u0131\u015fmalar\u0131, denge \u00e7al\u0131\u015fmalar\u0131, kol- bacak kuvvetlendirme \u00e7al\u0131\u015fmalar\u0131 ve omuz kuvvetini artt\u0131rmaya y\u00f6nelik \u00e7al\u0131\u015fmalar\u0131n yan\u0131 s\u0131ra ; v\u00fccut esnekli\u011fini ve \u00e7evikli\u011fi estetik unsurlar ile geli\u015ftirmeye y\u00f6nelik \u00e7al\u0131\u015fmalar yer [&hellip;]<\/p>\n","protected":false},"author":1,"featured_media":0,"parent":0,"menu_order":0,"comment_status":"closed","ping_status":"open","template":"page-full-width.php","meta":{"footnotes":""},"yoast_head":"<!-- This site is optimized with the Yoast SEO plugin v21.3 - https:\/\/yoast.com\/wordpress\/plugins\/seo\/ -->\n<title>Hakk\u0131m\u0131zda - Gympark<\/title>\n<meta name=\"robots\" content=\"index, follow, max-snippet:-1, max-image-preview:large, max-video-preview:-1\" \/>\n<link rel=\"canonical\" href=\"http:\/\/gymparkcimnastik.com\/?page_id=34\" \/>\n<meta property=\"og:locale\" content=\"tr_TR\" \/>\n<meta property=\"og:type\" content=\"article\" \/>\n<meta property=\"og:title\" content=\"Hakk\u0131m\u0131zda - Gympark\" \/>\n<meta property=\"og:description\" content=\"Sporun temeli cimnastik. Bu bilin\u00e7 ile hareket ederek \u00f6\u011frencilerimizin \u00e7ok y\u00f6nl\u00fc geli\u015fmesine katk\u0131 sa\u011flamak i\u00e7in \u00e7al\u0131\u015fmaktay\u0131z. &nbsp; Antreman program\u0131m\u0131z\u0131n i\u00e7eri\u011finde Artistik Cimnastik temelli ; \u201cel-g\u00f6z, el ayak koordinasyon\u201d \u00e7al\u0131\u015fmalar\u0131, denge \u00e7al\u0131\u015fmalar\u0131, kol- bacak kuvvetlendirme \u00e7al\u0131\u015fmalar\u0131 ve omuz kuvvetini artt\u0131rmaya y\u00f6nelik \u00e7al\u0131\u015fmalar\u0131n yan\u0131 s\u0131ra ; v\u00fccut esnekli\u011fini ve \u00e7evikli\u011fi estetik unsurlar ile geli\u015ftirmeye y\u00f6nelik \u00e7al\u0131\u015fmalar yer [&hellip;]\" \/>\n<meta property=\"og:url\" content=\"http:\/\/gymparkcimnastik.com\/?page_id=34\" \/>\n<meta property=\"og:site_name\" content=\"Gympark\" \/>\n<meta property=\"article:publisher\" content=\"https:\/\/tr-tr.facebook.com\/Gympark-325248094165913\/\" \/>\n<meta property=\"article:modified_time\" content=\"2019-12-05T20:57:02+00:00\" \/>\n<meta name=\"twitter:card\" content=\"summary_large_image\" \/>\n<meta name=\"twitter:label1\" content=\"Tahmini okuma s\u00fcresi\" \/>\n\t<meta name=\"twitter:data1\" content=\"1 dakika\" \/>\n<script type=\"application\/ld+json\" class=\"yoast-schema-graph\">{\"@context\":\"https:\/\/schema.org\",\"@graph\":[{\"@type\":\"WebPage\",\"@id\":\"http:\/\/gymparkcimnastik.com\/?page_id=34\",\"url\":\"http:\/\/gymparkcimnastik.com\/?page_id=34\",\"name\":\"Hakk\u0131m\u0131zda - Gympark\",\"isPartOf\":{\"@id\":\"http:\/\/gymparkcimnastik.com\/#website\"},\"datePublished\":\"2015-04-15T10:19:28+00:00\",\"dateModified\":\"2019-12-05T20:57:02+00:00\",\"breadcrumb\":{\"@id\":\"http:\/\/gymparkcimnastik.com\/?page_id=34#breadcrumb\"},\"inLanguage\":\"tr\",\"potentialAction\":[{\"@type\":\"ReadAction\",\"target\":[\"http:\/\/gymparkcimnastik.com\/?page_id=34\"]}]},{\"@type\":\"BreadcrumbList\",\"@id\":\"http:\/\/gymparkcimnastik.com\/?page_id=34#breadcrumb\",\"itemListElement\":[{\"@type\":\"ListItem\",\"position\":1,\"name\":\"Ana sayfa\",\"item\":\"http:\/\/gymparkcimnastik.com\/\"},{\"@type\":\"ListItem\",\"position\":2,\"name\":\"Hakk\u0131m\u0131zda\"}]},{\"@type\":\"WebSite\",\"@id\":\"http:\/\/gymparkcimnastik.com\/#website\",\"url\":\"http:\/\/gymparkcimnastik.com\/\",\"name\":\"Gympark\",\"description\":\"Gympark Cimnastik Okulu\",\"publisher\":{\"@id\":\"http:\/\/gymparkcimnastik.com\/#organization\"},\"potentialAction\":[{\"@type\":\"SearchAction\",\"target\":{\"@type\":\"EntryPoint\",\"urlTemplate\":\"http:\/\/gymparkcimnastik.com\/?s={search_term_string}\"},\"query-input\":\"required name=search_term_string\"}],\"inLanguage\":\"tr\"},{\"@type\":\"Organization\",\"@id\":\"http:\/\/gymparkcimnastik.com\/#organization\",\"name\":\"Gympark cimnastik\",\"url\":\"http:\/\/gymparkcimnastik.com\/\",\"logo\":{\"@type\":\"ImageObject\",\"inLanguage\":\"tr\",\"@id\":\"http:\/\/gymparkcimnastik.com\/#\/schema\/logo\/image\/\",\"url\":\"http:\/\/gymparkcimnastik.com\/wp-content\/uploads\/logoo-1.jpg\",\"contentUrl\":\"http:\/\/gymparkcimnastik.com\/wp-content\/uploads\/logoo-1.jpg\",\"width\":397,\"height\":390,\"caption\":\"Gympark cimnastik\"},\"image\":{\"@id\":\"http:\/\/gymparkcimnastik.com\/#\/schema\/logo\/image\/\"},\"sameAs\":[\"https:\/\/tr-tr.facebook.com\/Gympark-325248094165913\/\",\"https:\/\/www.instagram.com\/gymparkcimnastik\/?hl=tr\"]}]}<\/script>\n<!-- \/ Yoast SEO plugin. -->","yoast_head_json":{"title":"Hakk\u0131m\u0131zda - Gympark","robots":{"index":"index","follow":"follow","max-snippet":"max-snippet:-1","max-image-preview":"max-image-preview:large","max-video-preview":"max-video-preview:-1"},"canonical":"http:\/\/gymparkcimnastik.com\/?page_id=34","og_locale":"tr_TR","og_type":"article","og_title":"Hakk\u0131m\u0131zda - Gympark","og_description":"Sporun temeli cimnastik. Bu bilin\u00e7 ile hareket ederek \u00f6\u011frencilerimizin \u00e7ok y\u00f6nl\u00fc geli\u015fmesine katk\u0131 sa\u011flamak i\u00e7in \u00e7al\u0131\u015fmaktay\u0131z. &nbsp; Antreman program\u0131m\u0131z\u0131n i\u00e7eri\u011finde Artistik Cimnastik temelli ; \u201cel-g\u00f6z, el ayak koordinasyon\u201d \u00e7al\u0131\u015fmalar\u0131, denge \u00e7al\u0131\u015fmalar\u0131, kol- bacak kuvvetlendirme \u00e7al\u0131\u015fmalar\u0131 ve omuz kuvvetini artt\u0131rmaya y\u00f6nelik \u00e7al\u0131\u015fmalar\u0131n yan\u0131 s\u0131ra ; v\u00fccut esnekli\u011fini ve \u00e7evikli\u011fi estetik unsurlar ile geli\u015ftirmeye y\u00f6nelik \u00e7al\u0131\u015fmalar yer [&hellip;]","og_url":"http:\/\/gymparkcimnastik.com\/?page_id=34","og_site_name":"Gympark","article_publisher":"https:\/\/tr-tr.facebook.com\/Gympark-325248094165913\/","article_modified_time":"2019-12-05T20:57:02+00:00","twitter_card":"summary_large_image","twitter_misc":{"Tahmini okuma s\u00fcresi":"1 dakika"},"schema":{"@context":"https:\/\/schema.org","@graph":[{"@type":"WebPage","@id":"http:\/\/gymparkcimnastik.com\/?page_id=34","url":"http:\/\/gymparkcimnastik.com\/?page_id=34","name":"Hakk\u0131m\u0131zda - Gympark","isPartOf":{"@id":"http:\/\/gymparkcimnastik.com\/#website"},"datePublished":"2015-04-15T10:19:28+00:00","dateModified":"2019-12-05T20:57:02+00:00","breadcrumb":{"@id":"http:\/\/gymparkcimnastik.com\/?page_id=34#breadcrumb"},"inLanguage":"tr","potentialAction":[{"@type":"ReadAction","target":["http:\/\/gymparkcimnastik.com\/?page_id=34"]}]},{"@type":"BreadcrumbList","@id":"http:\/\/gymparkcimnastik.com\/?page_id=34#breadcrumb","itemListElement":[{"@type":"ListItem","position":1,"name":"Ana sayfa","item":"http:\/\/gymparkcimnastik.com\/"},{"@type":"ListItem","position":2,"name":"Hakk\u0131m\u0131zda"}]},{"@type":"WebSite","@id":"http:\/\/gymparkcimnastik.com\/#website","url":"http:\/\/gymparkcimnastik.com\/","name":"Gympark","description":"Gympark Cimnastik Okulu","publisher":{"@id":"http:\/\/gymparkcimnastik.com\/#organization"},"potentialAction":[{"@type":"SearchAction","target":{"@type":"EntryPoint","urlTemplate":"http:\/\/gymparkcimnastik.com\/?s={search_term_string}"},"query-input":"required name=search_term_string"}],"inLanguage":"tr"},{"@type":"Organization","@id":"http:\/\/gymparkcimnastik.com\/#organization","name":"Gympark cimnastik","url":"http:\/\/gymparkcimnastik.com\/","logo":{"@type":"ImageObject","inLanguage":"tr","@id":"http:\/\/gymparkcimnastik.com\/#\/schema\/logo\/image\/","url":"http:\/\/gymparkcimnastik.com\/wp-content\/uploads\/logoo-1.jpg","contentUrl":"http:\/\/gymparkcimnastik.com\/wp-content\/uploads\/logoo-1.jpg","width":397,"height":390,"caption":"Gympark cimnastik"},"image":{"@id":"http:\/\/gymparkcimnastik.com\/#\/schema\/logo\/image\/"},"sameAs":["https:\/\/tr-tr.facebook.com\/Gympark-325248094165913\/","https:\/\/www.instagram.com\/gymparkcimnastik\/?hl=tr"]}]}},"_links":{"self":[{"href":"http:\/\/gymparkcimnastik.com\/index.php?rest_route=\/wp\/v2\/pages\/34"}],"collection":[{"href":"http:\/\/gymparkcimnastik.com\/index.php?rest_route=\/wp\/v2\/pages"}],"about":[{"href":"http:\/\/gymparkcimnastik.com\/index.php?rest_route=\/wp\/v2\/types\/page"}],"author":[{"embeddable":true,"href":"http:\/\/gymparkcimnastik.com\/index.php?rest_route=\/wp\/v2\/users\/1"}],"replies":[{"embeddable":true,"href":"http:\/\/gymparkcimnastik.com\/index.php?rest_route=%2Fwp%2Fv2%2Fcomments&post=34"}],"version-history":[{"count":9,"href":"http:\/\/gymparkcimnastik.com\/index.php?rest_route=\/wp\/v2\/pages\/34\/revisions"}],"predecessor-version":[{"id":86,"href":"http:\/\/gymparkcimnastik.com\/index.php?rest_route=\/wp\/v2\/pages\/34\/revisions\/86"}],"wp:attachment":[{"href":"http:\/\/gymparkcimnastik.com\/index.php?rest_route=%2Fwp%2Fv2%2Fmedia&parent=34"}],"curies":[{"name":"wp","href":"https:\/\/api.w.org\/{rel}","templated":true}]}}